{"id":297,"date":"2024-03-24T08:36:50","date_gmt":"2024-03-24T08:36:50","guid":{"rendered":"https:\/\/angry-leavitt.217-160-107-178.plesk.page\/anthyllion\/?page_id=297"},"modified":"2024-04-01T06:20:51","modified_gmt":"2024-04-01T06:20:51","slug":"lage-lefokastro-pilion","status":"publish","type":"page","link":"https:\/\/villa-anthyllion.de\/index.php\/lage-lefokastro-pilion\/","title":{"rendered":"Lage"},"content":{"rendered":"<p>[et_pb_section fb_built=&#8220;1&#8243; fullwidth=&#8220;on&#8220; _builder_version=&#8220;4.24.2&#8243; _module_preset=&#8220;default&#8220; global_colors_info=&#8220;{}&#8220;][et_pb_fullwidth_code _builder_version=&#8220;4.24.2&#8243; _module_preset=&#8220;default&#8220; global_colors_info=&#8220;{}&#8220;]<iframe src=\"https:\/\/www.google.com\/maps\/d\/embed?mid=1PETc4_w3jRRnBSIPDMs3cYkEY4U&#038;hl=de&#038;ehbc=2E312F\" width=\"1980\" height=\"780\"><\/iframe>[\/et_pb_fullwidth_code][\/et_pb_section][et_pb_section fb_built=&#8220;1&#8243; admin_label=&#8220;Project Details&#8220; _builder_version=&#8220;4.16&#8243; custom_padding=&#8220;90px||90px||true&#8220; global_colors_info=&#8220;{}&#8220;][et_pb_row column_structure=&#8220;3_5,2_5&#8243; _builder_version=&#8220;4.24.2&#8243; global_colors_info=&#8220;{}&#8220;][et_pb_column type=&#8220;3_5&#8243; _builder_version=&#8220;4.24.2&#8243; custom_padding=&#8220;|||&#8220; global_colors_info=&#8220;{}&#8220; custom_padding__hover=&#8220;|||&#8220;][et_pb_text _builder_version=&#8220;4.24.2&#8243; text_font=&#8220;||||||||&#8220; link_font=&#8220;||||||||&#8220; ul_font=&#8220;||||||||&#8220; ol_font=&#8220;||||||||&#8220; quote_font=&#8220;||||||||&#8220; header_font=&#8220;||||||||&#8220; header_2_font=&#8220;Rubik|700|||||||&#8220; header_2_font_size=&#8220;42px&#8220; header_2_line_height=&#8220;1.2em&#8220; module_alignment=&#8220;center&#8220; custom_margin=&#8220;|||&#8220; custom_padding=&#8220;|||&#8220; header_2_font_size_tablet=&#8220;&#8220; header_2_font_size_phone=&#8220;36px&#8220; header_2_font_size_last_edited=&#8220;on|phone&#8220; locked=&#8220;off&#8220; global_colors_info=&#8220;{}&#8220;]<\/p>\n<h2>Anthyllion villa liegt in Lefokastro Pilion<\/h2>\n<p>[\/et_pb_text][et_pb_text _builder_version=&#8220;4.24.2&#8243; text_font=&#8220;||||||||&#8220; text_font_size=&#8220;15px&#8220; text_line_height=&#8220;1.8em&#8220; custom_padding=&#8220;|||&#8220; custom_padding_tablet=&#8220;|40px||40px||true&#8220; custom_padding_last_edited=&#8220;off|desktop&#8220; locked=&#8220;off&#8220; global_colors_info=&#8220;{}&#8220;]<\/p>\n<p style=\"text-align: justify;\"><b>Lage:<\/b><span> Versteckt zwischen Afisos und Kalamos in <strong>Pilion<\/strong>, ca. 30 km s\u00fcdlich von Volos, liegt das unber\u00fchrte Juwel <strong>Lefokastro<\/strong>. Abseits vom Massentourismus bietet es wenige kleine Unterk\u00fcnfte f\u00fcr Ruhesuchende. <strong>Anthyllion Villa<\/strong>, au\u00dferhalb von Lefokastro, liegt in einem gepflegten Garten am Hang \u00fcber dem Sandstrand von Agia Efimia. Jede Wohnung bietet einen malerischen Meerblick. Zwei Tavernen in Lefokastro und Einkaufsm\u00f6glichkeiten in Afisos oder Argalasti erg\u00e4nzen das entspannte Ambiente.<\/span><\/p>\n<p>[\/et_pb_text][\/et_pb_column][et_pb_column type=&#8220;2_5&#8243; _builder_version=&#8220;4.16&#8243; custom_padding=&#8220;|||&#8220; global_colors_info=&#8220;{}&#8220; custom_padding__hover=&#8220;|||&#8220;][et_pb_image src=&#8220;https:\/\/villa-anthyllion.de\/wp-content\/uploads\/2024\/03\/Anthilion_04.jpg&#8220; alt=&#8220;Anthyllion Villa Lefokastro View&#8220; title_text=&#8220;Anthyllion Villa Lefokastro View&#8220; force_fullwidth=&#8220;on&#8220; align_tablet=&#8220;center&#8220; align_phone=&#8220;center&#8220; align_last_edited=&#8220;on|desktop&#8220; _builder_version=&#8220;4.24.2&#8243; locked=&#8220;off&#8220; global_colors_info=&#8220;{}&#8220;][\/et_pb_image][\/et_pb_column][\/et_pb_row][et_pb_row disabled_on=&#8220;on|off|off&#8220; _builder_version=&#8220;4.24.2&#8243; _module_preset=&#8220;default&#8220; global_colors_info=&#8220;{}&#8220;][et_pb_column type=&#8220;4_4&#8243; _builder_version=&#8220;4.24.2&#8243; _module_preset=&#8220;default&#8220; global_colors_info=&#8220;{}&#8220;][dipi_image_hotspot img_src=&#8220;https:\/\/villa-anthyllion.de\/wp-content\/uploads\/2024\/03\/Anthylion_drone_20-1.jpg&#8220; img_alt=&#8220;Anthyllion Villa Lefokastro Pilion&#8220; _builder_version=&#8220;4.24.2&#8243; _module_preset=&#8220;default&#8220; global_colors_info=&#8220;{}&#8220;][dipi_image_hotspot_child use_hotspot_icon=&#8220;on&#8220; hotspot_icon=&#8220;&#x22;||divi||400&#8243; hotspot_icon_color=&#8220;#ffffff&#8220; hotspot_circle_icon=&#8220;on&#8220; use_hotspot_icon_font_size=&#8220;on&#8220; hotspot_icon_size=&#8220;69px&#8220; hotspot_ripple_effect=&#8220;on&#8220; hotspot_ripple_effect_style=&#8220;style-2&#8243; hotspot_ripple_effect_size=&#8220;117px&#8220; hotspot_ripple_effect_speed=&#8220;3.2&#8243; hotspot_position_vertical=&#8220;2.3%&#8220; hotspot_position_horizontal=&#8220;21.5%&#8220; tooltip_img_src=&#8220;https:\/\/villa-anthyllion.de\/wp-content\/uploads\/2024\/03\/logo_transparent02.gif&#8220; tooltip_img_alt=&#8220;Anthyllion Villa Lefokastro&#8220; tooltip_title=&#8220;Anthyllion Villa&#8220; tooltip_position=&#8220;right&#8220; tooltip_width=&#8220;342px&#8220; tooltip_content_align=&#8220;center&#8220; _builder_version=&#8220;4.24.2&#8243; _module_preset=&#8220;default&#8220; global_colors_info=&#8220;{}&#8220;][\/dipi_image_hotspot_child][\/dipi_image_hotspot][\/et_pb_column][\/et_pb_row][et_pb_row column_structure=&#8220;1_2,1_2&#8243; _builder_version=&#8220;4.16&#8243; global_colors_info=&#8220;{}&#8220;][et_pb_column type=&#8220;1_2&#8243; _builder_version=&#8220;4.16&#8243; custom_padding=&#8220;|||&#8220; global_colors_info=&#8220;{}&#8220; custom_padding__hover=&#8220;|||&#8220;][et_pb_image src=&#8220;https:\/\/villa-anthyllion.de\/wp-content\/uploads\/2024\/03\/Anthylion_drone_01.jpg&#8220; title_text=&#8220;Anthylion_drone_01&#8243; force_fullwidth=&#8220;on&#8220; align_tablet=&#8220;center&#8220; align_phone=&#8220;center&#8220; align_last_edited=&#8220;on|desktop&#8220; _builder_version=&#8220;4.24.2&#8243; locked=&#8220;off&#8220; global_colors_info=&#8220;{}&#8220;][\/et_pb_image][\/et_pb_column][et_pb_column type=&#8220;1_2&#8243; _builder_version=&#8220;4.16&#8243; custom_padding=&#8220;|||&#8220; global_colors_info=&#8220;{}&#8220; custom_padding__hover=&#8220;|||&#8220;][et_pb_text _builder_version=&#8220;4.24.2&#8243; text_font=&#8220;||||||||&#8220; text_font_size=&#8220;15px&#8220; text_line_height=&#8220;1.8em&#8220; custom_padding=&#8220;|||&#8220; custom_padding_tablet=&#8220;|40px||40px||true&#8220; custom_padding_last_edited=&#8220;off|desktop&#8220; locked=&#8220;off&#8220; global_colors_info=&#8220;{}&#8220;]<\/p>\n<p><b>Parken:<\/b><span>\u00a0Parking im Gr\u00fcnst\u00fcck der Anlage.<\/span><br \/><b>Strand:<\/b><span>\u00a0Sandstrand Agia Efthimia bei Lefokastro ca. 50-100 m. <\/span><\/p>\n<p><span>Der n\u00e4chste Strand ist in Lefokastro ca. 500 m oder in Afissos ca. 1,8 km<\/span><\/p>\n<hr \/>\n<p><strong>F\u00e4hre Italien &#8211; Griechenland:<\/strong><\/p>\n<p><span>Von Deutschland aus k\u00f6nnen Sie \u00fcber Italien reisen und dann die F\u00e4hre von Agona nach Igoumenitsa nehmen, die etwa 4 Stunden von Volos entfernt liegt. Wir k\u00f6nnen Ihnen helfen, F\u00e4hrtickets \u00fcber unsere Zusammenarbeit mit dem Reiseb\u00fcro TDS Reisen in M\u00fcnchen zu buchen.<\/span><\/p>\n<p>[\/et_pb_text][\/et_pb_column][\/et_pb_row][et_pb_row _builder_version=&#8220;4.24.2&#8243; _module_preset=&#8220;default&#8220; global_colors_info=&#8220;{}&#8220;][et_pb_column type=&#8220;4_4&#8243; _builder_version=&#8220;4.24.2&#8243; _module_preset=&#8220;default&#8220; global_colors_info=&#8220;{}&#8220;][et_pb_divider _builder_version=&#8220;4.24.2&#8243; _module_preset=&#8220;default&#8220; global_colors_info=&#8220;{}&#8220;][\/et_pb_divider][\/et_pb_column][\/et_pb_row][et_pb_row _builder_version=&#8220;4.24.2&#8243; _module_preset=&#8220;default&#8220; global_colors_info=&#8220;{}&#8220;][et_pb_column type=&#8220;4_4&#8243; _builder_version=&#8220;4.24.2&#8243; _module_preset=&#8220;default&#8220; global_colors_info=&#8220;{}&#8220;][et_pb_code _builder_version=&#8220;4.24.2&#8243; _module_preset=&#8220;default&#8220; global_colors_info=&#8220;{}&#8220;]<!DOCTYPE html><!-- [et_pb_line_break_holder] --><html lang=\"en\"><!-- [et_pb_line_break_holder] --><head><!-- [et_pb_line_break_holder] -->    <meta charset=\"UTF-8\"><!-- [et_pb_line_break_holder] -->    <meta name=\"viewport\" content=\"width=device-width, initial-scale=1.0\"><!-- [et_pb_line_break_holder] -->    <title>Distances from Airports near Pilion<\/title><!-- [et_pb_line_break_holder] -->    <\/p>\n<style><!-- [et_pb_line_break_holder] -->        table {<!-- [et_pb_line_break_holder] -->            width: 100%;<!-- [et_pb_line_break_holder] -->            border-collapse: collapse;<!-- [et_pb_line_break_holder] -->            margin-top: 20px;<!-- [et_pb_line_break_holder] -->        }<!-- [et_pb_line_break_holder] -->        th, td {<!-- [et_pb_line_break_holder] -->            padding: 8px;<!-- [et_pb_line_break_holder] -->            text-align: left;<!-- [et_pb_line_break_holder] -->            border-bottom: 1px solid #ddd;<!-- [et_pb_line_break_holder] -->        }<!-- [et_pb_line_break_holder] -->        th {<!-- [et_pb_line_break_holder] -->            background-color: #a7b480; \/* Light Olive Green *\/<!-- [et_pb_line_break_holder] -->            color: #fff; \/* White *\/<!-- [et_pb_line_break_holder] -->        }<!-- [et_pb_line_break_holder] -->        tr:nth-child(even) {<!-- [et_pb_line_break_holder] -->            background-color: #6fb3ce; \/* Sky Blue *\/<!-- [et_pb_line_break_holder] -->        }<!-- [et_pb_line_break_holder] -->        tr:nth-child(odd) {<!-- [et_pb_line_break_holder] -->            background-color: #ffffff; \/* White *\/<!-- [et_pb_line_break_holder] -->        }<!-- [et_pb_line_break_holder] -->        @media only screen and (max-width: 600px) {<!-- [et_pb_line_break_holder] -->            table, th, td {<!-- [et_pb_line_break_holder] -->                font-size: 14px;<!-- [et_pb_line_break_holder] -->            }<!-- [et_pb_line_break_holder] -->        }<!-- [et_pb_line_break_holder] -->    <\/style>\n<p><!-- [et_pb_line_break_holder] --><\/head><!-- [et_pb_line_break_holder] --><body><!-- [et_pb_line_break_holder] --><!-- [et_pb_line_break_holder] --><\/p>\n<table><!-- [et_pb_line_break_holder] -->    <\/p>\n<thead><!-- [et_pb_line_break_holder] -->        <\/p>\n<tr><!-- [et_pb_line_break_holder] -->            <\/p>\n<th>Flughafen<\/th>\n<p><!-- [et_pb_line_break_holder] -->            <\/p>\n<th>Entfernung von Pilion (in km)<\/th>\n<p><!-- [et_pb_line_break_holder] -->        <\/tr>\n<p><!-- [et_pb_line_break_holder] -->    <\/thead>\n<p><!-- [et_pb_line_break_holder] -->    <\/p>\n<tbody><!-- [et_pb_line_break_holder] -->        <\/p>\n<tr><!-- [et_pb_line_break_holder] -->            <\/p>\n<td>Flughafen Volos<\/td>\n<p><!-- [et_pb_line_break_holder] -->            <\/p>\n<td>80,7 km<\/td>\n<p><!-- [et_pb_line_break_holder] -->        <\/tr>\n<p><!-- [et_pb_line_break_holder] -->        <\/p>\n<tr><!-- [et_pb_line_break_holder] -->            <\/p>\n<td>Flughafen Thessaloniki<\/td>\n<p><!-- [et_pb_line_break_holder] -->            <\/p>\n<td>252 km<\/td>\n<p><!-- [et_pb_line_break_holder] -->        <\/tr>\n<p><!-- [et_pb_line_break_holder] -->        <\/p>\n<tr><!-- [et_pb_line_break_holder] -->            <\/p>\n<td>Flughafen Athen<\/td>\n<p><!-- [et_pb_line_break_holder] -->            <\/p>\n<td>345 km<\/td>\n<p><!-- [et_pb_line_break_holder] -->        <\/tr>\n<p><!-- [et_pb_line_break_holder] -->    <\/tbody>\n<p><!-- [et_pb_line_break_holder] --><\/table>\n<p><!-- [et_pb_line_break_holder] --><!-- [et_pb_line_break_holder] --><!-- [et_pb_line_break_holder] --><!-- [et_pb_line_break_holder] --><\/body><!-- [et_pb_line_break_holder] --><\/html><!-- [et_pb_line_break_holder] -->[\/et_pb_code][\/et_pb_column][\/et_pb_row][et_pb_row _builder_version=&#8220;4.24.2&#8243; _module_preset=&#8220;default&#8220; global_colors_info=&#8220;{}&#8220;][et_pb_column type=&#8220;4_4&#8243; _builder_version=&#8220;4.24.2&#8243; _module_preset=&#8220;default&#8220; global_colors_info=&#8220;{}&#8220;][et_pb_code _builder_version=&#8220;4.24.2&#8243; _module_preset=&#8220;default&#8220; global_colors_info=&#8220;{}&#8220;]<!DOCTYPE html><!-- [et_pb_line_break_holder] --><html lang=\"en\"><!-- [et_pb_line_break_holder] --><head><!-- [et_pb_line_break_holder] -->    <meta charset=\"UTF-8\"><!-- [et_pb_line_break_holder] -->    <meta name=\"viewport\" content=\"width=device-width, initial-scale=1.0\"><!-- [et_pb_line_break_holder] -->    <title>Entfernungen von Lefokastro<\/title><!-- [et_pb_line_break_holder] -->    <\/p>\n<style><!-- [et_pb_line_break_holder] -->        table {<!-- [et_pb_line_break_holder] -->            width: 100%;<!-- [et_pb_line_break_holder] -->            border-collapse: collapse;<!-- [et_pb_line_break_holder] -->            overflow-x: auto; \/* Added for horizontal scroll on smaller screens *\/<!-- [et_pb_line_break_holder] -->        }<!-- [et_pb_line_break_holder] -->        th, td {<!-- [et_pb_line_break_holder] -->            padding: 8px;<!-- [et_pb_line_break_holder] -->            text-align: left;<!-- [et_pb_line_break_holder] -->            border-bottom: 1px solid #ddd;<!-- [et_pb_line_break_holder] -->        }<!-- [et_pb_line_break_holder] -->        th {<!-- [et_pb_line_break_holder] -->            background-color: #a7b480; \/* Light Olive Green *\/<!-- [et_pb_line_break_holder] -->            color: #fff; \/* White *\/<!-- [et_pb_line_break_holder] -->        }<!-- [et_pb_line_break_holder] -->        tr:nth-child(even) {<!-- [et_pb_line_break_holder] -->            background-color: #6fb3ce; \/* Sky Blue *\/<!-- [et_pb_line_break_holder] -->        }<!-- [et_pb_line_break_holder] -->        tr:nth-child(odd) {<!-- [et_pb_line_break_holder] -->            background-color: #ffffff; \/* White *\/<!-- [et_pb_line_break_holder] -->        }<!-- [et_pb_line_break_holder] -->    <\/style>\n<p><!-- [et_pb_line_break_holder] --><\/head><!-- [et_pb_line_break_holder] --><body><!-- [et_pb_line_break_holder] --><!-- [et_pb_line_break_holder] --><\/p>\n<table><!-- [et_pb_line_break_holder] -->    <\/p>\n<thead><!-- [et_pb_line_break_holder] -->        <\/p>\n<tr><!-- [et_pb_line_break_holder] -->            <\/p>\n<th>Ort<\/th>\n<p><!-- [et_pb_line_break_holder] -->            <\/p>\n<th>Entfernung von Lefokastro (in km)<\/th>\n<p><!-- [et_pb_line_break_holder] -->        <\/tr>\n<p><!-- [et_pb_line_break_holder] -->    <\/thead>\n<p><!-- [et_pb_line_break_holder] -->    <\/p>\n<tbody><!-- [et_pb_line_break_holder] -->        <\/p>\n<tr><!-- [et_pb_line_break_holder] -->            <\/p>\n<td>Argalasti<\/td>\n<p><!-- [et_pb_line_break_holder] -->            <\/p>\n<td>7,3 km<\/td>\n<p><!-- [et_pb_line_break_holder] -->        <\/tr>\n<p><!-- [et_pb_line_break_holder] -->        <\/p>\n<tr><!-- [et_pb_line_break_holder] -->            <\/p>\n<td>Afissos<\/td>\n<p><!-- [et_pb_line_break_holder] -->            <\/p>\n<td>3,2 km<\/td>\n<p><!-- [et_pb_line_break_holder] -->        <\/tr>\n<p><!-- [et_pb_line_break_holder] -->        <\/p>\n<tr><!-- [et_pb_line_break_holder] -->            <\/p>\n<td>Milina<\/td>\n<p><!-- [et_pb_line_break_holder] -->            <\/p>\n<td>17,6 km<\/td>\n<p><!-- [et_pb_line_break_holder] -->        <\/tr>\n<p><!-- [et_pb_line_break_holder] -->        <\/p>\n<tr><!-- [et_pb_line_break_holder] -->            <\/p>\n<td>Chorto<\/td>\n<p><!-- [et_pb_line_break_holder] -->            <\/p>\n<td>14,6 km<\/td>\n<p><!-- [et_pb_line_break_holder] -->        <\/tr>\n<p><!-- [et_pb_line_break_holder] -->        <\/p>\n<tr><!-- [et_pb_line_break_holder] -->            <\/p>\n<td>Kalamos<\/td>\n<p><!-- [et_pb_line_break_holder] -->            <\/p>\n<td>14,4 km<\/td>\n<p><!-- [et_pb_line_break_holder] -->        <\/tr>\n<p><!-- [et_pb_line_break_holder] -->        <\/p>\n<tr><!-- [et_pb_line_break_holder] -->            <\/p>\n<td>Kala Nera<\/td>\n<p><!-- [et_pb_line_break_holder] -->            <\/p>\n<td>9,9 km<\/td>\n<p><!-- [et_pb_line_break_holder] -->        <\/tr>\n<p><!-- [et_pb_line_break_holder] -->        <\/p>\n<tr><!-- [et_pb_line_break_holder] -->            <\/p>\n<td>Volos<\/td>\n<p><!-- [et_pb_line_break_holder] -->            <\/p>\n<td>30,7 km<\/td>\n<p><!-- [et_pb_line_break_holder] -->        <\/tr>\n<p><!-- [et_pb_line_break_holder] -->    <\/tbody>\n<p><!-- [et_pb_line_break_holder] --><\/table>\n<p><!-- [et_pb_line_break_holder] --><!-- [et_pb_line_break_holder] --><\/body><!-- [et_pb_line_break_holder] --><\/html><!-- [et_pb_line_break_holder] -->[\/et_pb_code][\/et_pb_column][\/et_pb_row][et_pb_row _builder_version=&#8220;4.24.2&#8243; _module_preset=&#8220;default&#8220; global_colors_info=&#8220;{}&#8220;][et_pb_column type=&#8220;4_4&#8243; _builder_version=&#8220;4.24.2&#8243; _module_preset=&#8220;default&#8220; global_colors_info=&#8220;{}&#8220;][et_pb_divider _builder_version=&#8220;4.24.2&#8243; _module_preset=&#8220;default&#8220; global_colors_info=&#8220;{}&#8220;][\/et_pb_divider][\/et_pb_column][\/et_pb_row][et_pb_row _builder_version=&#8220;4.24.2&#8243; _module_preset=&#8220;default&#8220; global_colors_info=&#8220;{}&#8220;][et_pb_column type=&#8220;4_4&#8243; _builder_version=&#8220;4.24.2&#8243; _module_preset=&#8220;default&#8220; global_colors_info=&#8220;{}&#8220;][et_pb_code _builder_version=&#8220;4.24.2&#8243; _module_preset=&#8220;default&#8220; global_colors_info=&#8220;{}&#8220;]<\/p>\n<style type=\"text\/css\"><!-- [et_pb_line_break_holder] -->.banner {<!-- [et_pb_line_break_holder] -->    display: flex;<!-- [et_pb_line_break_holder] -->    justify-content: center;<!-- [et_pb_line_break_holder] -->    align-items: center;<!-- [et_pb_line_break_holder] -->    width: 100%;<!-- [et_pb_line_break_holder] -->    height: 600px;<!-- [et_pb_line_break_holder] -->  }<!-- [et_pb_line_break_holder] --><!-- [et_pb_line_break_holder] -->  .banner img {<!-- [et_pb_line_break_holder] -->    width: 800px;<!-- [et_pb_line_break_holder] -->    height: 600px;<!-- [et_pb_line_break_holder] -->    object-fit: contain;<!-- [et_pb_line_break_holder] -->  }<!-- [et_pb_line_break_holder] --><!-- [et_pb_line_break_holder] -->  .banner .overlay {<!-- [et_pb_line_break_holder] -->    position: absolute;<!-- [et_pb_line_break_holder] -->    top: 0;<!-- [et_pb_line_break_holder] -->    left: 0;<!-- [et_pb_line_break_holder] -->    width: 100%;<!-- [et_pb_line_break_holder] -->    height: 100%;<!-- [et_pb_line_break_holder] -->    background-color: rgba(0, 0, 0, 0.5);<!-- [et_pb_line_break_holder] -->    display: flex;<!-- [et_pb_line_break_holder] -->    flex-direction: column;<!-- [et_pb_line_break_holder] -->    justify-content: center;<!-- [et_pb_line_break_holder] -->    align-items: center;<!-- [et_pb_line_break_holder] -->    opacity: 1; \/* Set opacity to 1 to make it always visible *\/<!-- [et_pb_line_break_holder] -->  }<!-- [et_pb_line_break_holder] --><!-- [et_pb_line_break_holder] -->  .banner .overlay h1 {<!-- [et_pb_line_break_holder] -->    color: #ffffff;<!-- [et_pb_line_break_holder] -->    font-size: 24px;<!-- [et_pb_line_break_holder] -->    margin-bottom: 10px;<!-- [et_pb_line_break_holder] -->  }<!-- [et_pb_line_break_holder] --><!-- [et_pb_line_break_holder] -->  .banner .overlay a {<!-- [et_pb_line_break_holder] -->    color: #ffffff;<!-- [et_pb_line_break_holder] -->    font-size: 16px;<!-- [et_pb_line_break_holder] -->    text-decoration: none;<!-- [et_pb_line_break_holder] -->    background-color: #f15b29;<!-- [et_pb_line_break_holder] -->    padding: 10px 20px;<!-- [et_pb_line_break_holder] -->    border-radius: 5px;<!-- [et_pb_line_break_holder] -->    transition: background-color 0.3s ease-in-out;<!-- [et_pb_line_break_holder] -->  }<!-- [et_pb_line_break_holder] --><!-- [et_pb_line_break_holder] -->  @media (max-width: 800px) {<!-- [et_pb_line_break_holder] -->    .banner img {<!-- [et_pb_line_break_holder] -->      width: 100%;<!-- [et_pb_line_break_holder] -->      height: auto;<!-- [et_pb_line_break_holder] -->    }<!-- [et_pb_line_break_holder] -->  }<\/style>\n<p><!-- [et_pb_line_break_holder] --><\/p>\n<div class=\"banner\"><!-- [et_pb_line_break_holder] -->\t<img decoding=\"async\" alt=\"Car Rental in Thessaloniki\" src=\"https:\/\/followmetogreece.com\/assets\/img\/1688545191_at-a-car-dealership-buying-a-car-2021-11-12-21-01-37-utc.jpg\" \/><!-- [et_pb_line_break_holder] -->\t<\/p>\n<div class=\"overlay\"><!-- [et_pb_line_break_holder] -->\t\t<\/p>\n<h1><!-- [et_pb_line_break_holder] -->\t\t\tMietwagen in Thessaloniki<\/h1>\n<p><!-- [et_pb_line_break_holder] -->\t\t<a href=\"https:\/\/www.chalkidiki-cars.com\/p21109de\" target=\"_blank\" rel=\"noopener\">Buchen Sie jetzt<\/a><\/div>\n<p><!-- [et_pb_line_break_holder] --><\/div>\n<p><!-- [et_pb_line_break_holder] -->[\/et_pb_code][\/et_pb_column][\/et_pb_row][\/et_pb_section][et_pb_section fb_built=&#8220;1&#8243; theme_builder_area=&#8220;post_content&#8220; _builder_version=&#8220;4.24.2&#8243; _module_preset=&#8220;default&#8220; custom_margin=&#8220;-10px||||false|false&#8220; hover_enabled=&#8220;0&#8243; sticky_enabled=&#8220;0&#8243;][et_pb_row _builder_version=&#8220;4.24.2&#8243; _module_preset=&#8220;default&#8220; theme_builder_area=&#8220;post_content&#8220;][et_pb_column _builder_version=&#8220;4.24.2&#8243; _module_preset=&#8220;default&#8220; type=&#8220;4_4&#8243; theme_builder_area=&#8220;post_content&#8220;][et_pb_text _builder_version=&#8220;4.24.2&#8243; _module_preset=&#8220;default&#8220; theme_builder_area=&#8220;post_content&#8220; hover_enabled=&#8220;0&#8243; sticky_enabled=&#8220;0&#8243;]<\/p>\n<p><strong>Erkunden Sie die Sch\u00f6nheit von Lefokastro und seinen umliegenden Str\u00e4nden<\/strong><\/p>\n<p>&nbsp;<\/p>\n<p><strong>Lefokastro<\/strong>, ein malerisches Dorf am Fu\u00dfe des Pilion in Griechenland, ist ein verborgener Schatz, der darauf wartet, entdeckt zu werden. Diese idyllische K\u00fcstensiedlung bietet nicht nur eine reiche Geschichte und Kultur, sondern auch einige der atemberaubendsten Str\u00e4nde der Region innerhalb eines Radius von 2 km. Tauchen Sie ein in die Sch\u00f6nheit von Lefokastro und erleben Sie unvergessliche Momente an den nahegelegenen Str\u00e4nden.<\/p>\n<h3>Lefokastro: Ein St\u00fcck Paradies am Pilion<\/h3>\n<p>Mit seinen charmanten Gassen, traditionellen H\u00e4usern und freundlichen Einwohnern l\u00e4dt Lefokastro Besucher dazu ein, die entspannte Atmosph\u00e4re des griechischen Dorflebens zu erleben. Umgeben von \u00fcppiger Natur und mit Blick auf das glitzernde \u00c4g\u00e4ische Meerund Pagasitikos Golf, ist es der perfekte Ausgangspunkt, um die umliegenden Str\u00e4nde zu erkunden.<\/p>\n<h3>Str\u00e4nde in der N\u00e4he von Lefokastro<\/h3>\n<p>Innerhalb eines Radius von 2 km von Lefokastro finden Sie eine Auswahl an Str\u00e4nden, die f\u00fcr ihre Sch\u00f6nheit und Vielfalt bekannt sind. Von ruhigen Buchten bis hin zu lebhaften Str\u00e4nden gibt es f\u00fcr jeden Geschmack etwas zu entdecken. Hier sind einige der beliebtesten Str\u00e4nde:<\/p>\n<h4>1. Razi Beach Strand<\/h4>\n<p>Razi Beach Strand bietet eine ruhige und abgeschiedene Umgebung, ideal f\u00fcr diejenigen, die dem Trubel entfliehen m\u00f6chten und die Sch\u00f6nheit der Natur genie\u00dfen m\u00f6chten.<\/p>\n<h4>2. Agia Efimia Strand<\/h4>\n<p>Agia Efimia Strand ist bekannt f\u00fcr sein ruhiges Wasser und seine entspannte Atmosph\u00e4re, perfekt f\u00fcr Familien und Erholungssuchende. Es liegt fast direkt von Anthyllion Villa.\u00a0<\/p>\n<h4>3. Gourna Strand<\/h4>\n<p>Gourna Strand ist ein verstecktes Juwel in Lefokastro mit klarem Wasser und einer atemberaubenden Landschaft, das Ruhe und Erholung verspricht.<\/p>\n<h4>4. Afissos Strand<\/h4>\n<p>Afissos Strand bietet goldene Sandstr\u00e4nde und kristallklares Wasser, ideal zum Schwimmen und Entspannen. Dort finden Sie auch manche Beach Bars und Shops.\u00a0<\/p>\n<h3>Entfernungen zu den Str\u00e4nden von der Villa Anthyllion in Lefokastro<\/h3>\n<p>Um Ihnen bei der Planung Ihres Strandabenteuers zu helfen, finden Sie unten eine Tabelle mit den Entfernungen zu den oben genannten Str\u00e4nden von der Villa Anthyllion in Lefokastro.<\/p>\n<table style=\"width: 100%; border-collapse: collapse;\">\n<tbody>\n<tr>\n<th style=\"background-color: #a7b480; color: white;\">Strand<\/th>\n<th style=\"background-color: #a7b480; color: white;\">Entfernung (in km)<\/th>\n<\/tr>\n<tr>\n<td>Razi Strand<\/td>\n<td>1,3<\/td>\n<\/tr>\n<tr>\n<td>Agia Efimia Strand<\/td>\n<td>0,5<\/td>\n<\/tr>\n<tr>\n<td>Gourna Strand<\/td>\n<td>1<\/td>\n<\/tr>\n<tr>\n<td>Afissos Strand<\/td>\n<td>2<\/td>\n<\/tr>\n<\/tbody>\n<\/table>\n<p>Planen Sie Ihren n\u00e4chsten Urlaub in Lefokastro und entdecken Sie die unber\u00fchrte Sch\u00f6nheit seiner Str\u00e4nde. Tauchen Sie ein in das kristallklare Wasser und lassen Sie sich vom Zauber dieses versteckten Juwels am Pilion verzaubern.<\/p>\n<p>[\/et_pb_text][\/et_pb_column][\/et_pb_row][\/et_pb_section]<\/p>\n","protected":false},"excerpt":{"rendered":"<p>Anthyllion villa liegt in Lefokastro PilionLage: Versteckt zwischen Afisos und Kalamos in Pilion, ca. 30 km s\u00fcdlich von Volos, liegt das unber\u00fchrte Juwel Lefokastro. Abseits vom Massentourismus bietet es wenige kleine Unterk\u00fcnfte f\u00fcr Ruhesuchende. Anthyllion Villa, au\u00dferhalb von Lefokastro, liegt in einem gepflegten Garten am Hang \u00fcber dem Sandstrand von Agia Efimia. Jede Wohnung bietet [&hellip;]<\/p>\n","protected":false},"author":1,"featured_media":309,"parent":0,"menu_order":0,"comment_status":"closed","ping_status":"closed","template":"","meta":{"_et_pb_use_builder":"on","_et_pb_old_content":"","_et_gb_content_width":"","footnotes":""},"dipi_cpt_category":[],"class_list":["post-297","page","type-page","status-publish","has-post-thumbnail","hentry"],"_links":{"self":[{"href":"https:\/\/villa-anthyllion.de\/index.php\/wp-json\/wp\/v2\/pages\/297","targetHints":{"allow":["GET"]}}],"collection":[{"href":"https:\/\/villa-anthyllion.de\/index.php\/wp-json\/wp\/v2\/pages"}],"about":[{"href":"https:\/\/villa-anthyllion.de\/index.php\/wp-json\/wp\/v2\/types\/page"}],"author":[{"embeddable":true,"href":"https:\/\/villa-anthyllion.de\/index.php\/wp-json\/wp\/v2\/users\/1"}],"replies":[{"embeddable":true,"href":"https:\/\/villa-anthyllion.de\/index.php\/wp-json\/wp\/v2\/comments?post=297"}],"version-history":[{"count":21,"href":"https:\/\/villa-anthyllion.de\/index.php\/wp-json\/wp\/v2\/pages\/297\/revisions"}],"predecessor-version":[{"id":731,"href":"https:\/\/villa-anthyllion.de\/index.php\/wp-json\/wp\/v2\/pages\/297\/revisions\/731"}],"wp:featuredmedia":[{"embeddable":true,"href":"https:\/\/villa-anthyllion.de\/index.php\/wp-json\/wp\/v2\/media\/309"}],"wp:attachment":[{"href":"https:\/\/villa-anthyllion.de\/index.php\/wp-json\/wp\/v2\/media?parent=297"}],"wp:term":[{"taxonomy":"dipi_cpt_category","embeddable":true,"href":"https:\/\/villa-anthyllion.de\/index.php\/wp-json\/wp\/v2\/dipi_cpt_category?post=297"}],"curies":[{"name":"wp","href":"https:\/\/api.w.org\/{rel}","templated":true}]}}