{"id":419,"date":"2024-03-24T12:30:59","date_gmt":"2024-03-24T12:30:59","guid":{"rendered":"https:\/\/angry-leavitt.217-160-107-178.plesk.page\/anthyllion\/?page_id=419"},"modified":"2024-07-30T14:51:57","modified_gmt":"2024-07-30T14:51:57","slug":"zahlungsmodalitaet-stornokosten","status":"publish","type":"page","link":"https:\/\/villa-anthyllion.de\/index.php\/zahlungsmodalitaet-stornokosten\/","title":{"rendered":"Zahlungsmodalit\u00e4t &#038; Stornokosten"},"content":{"rendered":"<p>[et_pb_section admin_label=&#8220;section&#8220;]<br \/>\n\t\t\t[et_pb_row admin_label=&#8220;row&#8220;]<br \/>\n\t\t\t\t[et_pb_column type=&#8220;4_4&#8243;][et_pb_text admin_label=&#8220;Text&#8220;]<\/p>\n<h2><strong>Feste Reservierung und Zahlungsbedingungen:<\/strong><\/h2>\n<ol>\n<li><strong>Buchungen bis zu 30 Tage vor Ankunft:<\/strong>\n<ul>\n<li>Der Gast muss den gesamten Reisepreis im Voraus bezahlen.<\/li>\n<\/ul>\n<\/li>\n<li><strong>Buchungen \u00fcber 30 Tage vor Ankunft:<\/strong>\n<ul>\n<li>Eine Anzahlung von 30% des Reisepreises ist erforderlich.<\/li>\n<li>Der Restbetrag muss sp\u00e4testens 3 Wochen vor Anreise beglichen werden.<\/li>\n<\/ul>\n<\/li>\n<\/ol>\n<p><strong>Stornierung durch den Kunden und Stornierungskosten:<\/strong><\/p>\n<ul>\n<li>Stornierungen m\u00fcssen schriftlich (per E-Mail) erfolgen. Falls keine Best\u00e4tigung innerhalb von 24 Stunden erfolgt, senden Sie die Stornierung erneut, um sicherzustellen, dass sie erhalten wurde.<\/li>\n<li>Die Stornierungskosten sind wie folgt:\n<ul>\n<li>Bis 60 Tage vor Reiseantritt: 10% des gebuchten Preises<\/li>\n<li>59 bis 30 Tage vor Reiseantritt: 30% des gebuchten Preises<\/li>\n<li>29 bis 7 Tage vor Reiseantritt: 80% des gebuchten Preises<\/li>\n<li>Bei Nichterscheinen: 100% des gebuchten Preises.<\/li>\n<\/ul>\n<\/li>\n<\/ul>\n<p><strong>Zahlungsmodalit\u00e4ten:<\/strong><\/p>\n<ol>\n<li><strong>Buchungen \u00fcber 30 Tage vor Ankunft:<\/strong>\n<ul>\n<li>Eine Anzahlung von ca. 30% des Reisepreises ist erforderlich.<\/li>\n<\/ul>\n<\/li>\n<li><strong>Restzahlung:<\/strong>\n<ul>\n<li>Die Restzahlung muss 29 Tage vor Ankunft erfolgen.<\/li>\n<\/ul>\n<\/li>\n<li><strong>Buchungen innerhalb von 30 Tagen vor Ankunft:<\/strong>\n<ul>\n<li>Der gesamte Reisepreis muss sofort beglichen werden.<\/li>\n<\/ul>\n<\/li>\n<\/ol>\n<hr \/>\n<p><strong>Steuern und Geb\u00fchren:<\/strong><\/p>\n<p>Die griechische Regierung hat zum 01.01.2024 die Einf\u00fchrung einer Abgabe f\u00fcr Klimaresilienz beschlossen. \u20ac 1,50 pro Nacht und Unterkunft, wenn die Wohnfl\u00e4che maximal 80 qm betr\u00e4gt. Bei Anthyllion ist es 1,50 Euro pro Tag (nicht pro Person).[\/et_pb_text][\/et_pb_column]<br \/>\n\t\t\t[\/et_pb_row]<br \/>\n\t\t[\/et_pb_section]<\/p>\n","protected":false},"excerpt":{"rendered":"<p>Feste Reservierung und Zahlungsbedingungen: Buchungen bis zu 30 Tage vor Ankunft: Der Gast muss den gesamten Reisepreis im Voraus bezahlen. Buchungen \u00fcber 30 Tage vor Ankunft: Eine Anzahlung von 30% des Reisepreises ist erforderlich. Der Restbetrag muss sp\u00e4testens 3 Wochen vor Anreise beglichen werden. Stornierung durch den Kunden und Stornierungskosten: Stornierungen m\u00fcssen schriftlich (per E-Mail) [&hellip;]<\/p>\n","protected":false},"author":1,"featured_media":0,"parent":0,"menu_order":0,"comment_status":"closed","ping_status":"closed","template":"","meta":{"_et_pb_use_builder":"on","_et_pb_old_content":"<h2><strong>Feste Reservierung und Zahlungsbedingungen:<\/strong><\/h2>\r\n<ol>\r\n \t<li><strong>Buchungen bis zu 30 Tage vor Ankunft:<\/strong>\r\n<ul>\r\n \t<li>Der Gast muss den gesamten Reisepreis im Voraus bezahlen.<\/li>\r\n<\/ul>\r\n<\/li>\r\n \t<li><strong>Buchungen \u00fcber 30 Tage vor Ankunft:<\/strong>\r\n<ul>\r\n \t<li>Eine Anzahlung von 30% des Reisepreises ist erforderlich.<\/li>\r\n \t<li>Der Restbetrag muss sp\u00e4testens 3 Wochen vor Anreise beglichen werden.<\/li>\r\n<\/ul>\r\n<\/li>\r\n<\/ol>\r\n<strong>Stornierung durch den Kunden und Stornierungskosten:<\/strong>\r\n<ul>\r\n \t<li>Stornierungen m\u00fcssen schriftlich (per E-Mail) erfolgen. Falls keine Best\u00e4tigung innerhalb von 24 Stunden erfolgt, senden Sie die Stornierung erneut, um sicherzustellen, dass sie erhalten wurde.<\/li>\r\n \t<li>Die Stornierungskosten sind wie folgt:\r\n<ul>\r\n \t<li>Bis 60 Tage vor Reiseantritt: 10% des gebuchten Preises<\/li>\r\n \t<li>59 bis 30 Tage vor Reiseantritt: 30% des gebuchten Preises<\/li>\r\n \t<li>29 bis 7 Tage vor Reiseantritt: 80% des gebuchten Preises<\/li>\r\n \t<li>Bei Nichterscheinen: 100% des gebuchten Preises.<\/li>\r\n<\/ul>\r\n<\/li>\r\n<\/ul>\r\n<strong>Zahlungsmodalit\u00e4ten:<\/strong>\r\n<ol>\r\n \t<li><strong>Buchungen \u00fcber 30 Tage vor Ankunft:<\/strong>\r\n<ul>\r\n \t<li>Eine Anzahlung von ca. 30% des Reisepreises ist erforderlich.<\/li>\r\n<\/ul>\r\n<\/li>\r\n \t<li><strong>Restzahlung:<\/strong>\r\n<ul>\r\n \t<li>Die Restzahlung muss 29 Tage vor Ankunft erfolgen.<\/li>\r\n<\/ul>\r\n<\/li>\r\n \t<li><strong>Buchungen innerhalb von 30 Tagen vor Ankunft:<\/strong>\r\n<ul>\r\n \t<li>Der gesamte Reisepreis muss sofort beglichen werden.<\/li>\r\n<\/ul>\r\n<\/li>\r\n<\/ol>\r\n\r\n<hr \/>\r\n\r\n<strong>Steuern und Geb\u00fchren:<\/strong>\r\n\r\nDie griechische Regierung hat zum 01.01.2024 die Einf\u00fchrung einer Abgabe f\u00fcr Klimaresilienz beschlossen. \u20ac 1,50 pro Nacht und Unterkunft, wenn die Wohnfl\u00e4che maximal 80 qm betr\u00e4gt. Bei Anthyllion ist es 1,50 Euro pro Tag (nicht pro Person).","_et_gb_content_width":"","footnotes":""},"dipi_cpt_category":[],"class_list":["post-419","page","type-page","status-publish","hentry"],"_links":{"self":[{"href":"https:\/\/villa-anthyllion.de\/index.php\/wp-json\/wp\/v2\/pages\/419","targetHints":{"allow":["GET"]}}],"collection":[{"href":"https:\/\/villa-anthyllion.de\/index.php\/wp-json\/wp\/v2\/pages"}],"about":[{"href":"https:\/\/villa-anthyllion.de\/index.php\/wp-json\/wp\/v2\/types\/page"}],"author":[{"embeddable":true,"href":"https:\/\/villa-anthyllion.de\/index.php\/wp-json\/wp\/v2\/users\/1"}],"replies":[{"embeddable":true,"href":"https:\/\/villa-anthyllion.de\/index.php\/wp-json\/wp\/v2\/comments?post=419"}],"version-history":[{"count":4,"href":"https:\/\/villa-anthyllion.de\/index.php\/wp-json\/wp\/v2\/pages\/419\/revisions"}],"predecessor-version":[{"id":733,"href":"https:\/\/villa-anthyllion.de\/index.php\/wp-json\/wp\/v2\/pages\/419\/revisions\/733"}],"wp:attachment":[{"href":"https:\/\/villa-anthyllion.de\/index.php\/wp-json\/wp\/v2\/media?parent=419"}],"wp:term":[{"taxonomy":"dipi_cpt_category","embeddable":true,"href":"https:\/\/villa-anthyllion.de\/index.php\/wp-json\/wp\/v2\/dipi_cpt_category?post=419"}],"curies":[{"name":"wp","href":"https:\/\/api.w.org\/{rel}","templated":true}]}}