{"id":488,"date":"2024-03-25T13:53:18","date_gmt":"2024-03-25T13:53:18","guid":{"rendered":"https:\/\/angry-leavitt.217-160-107-178.plesk.page\/anthyllion\/?page_id=488"},"modified":"2024-03-31T13:32:36","modified_gmt":"2024-03-31T13:32:36","slug":"kontakt","status":"publish","type":"page","link":"https:\/\/villa-anthyllion.de\/index.php\/kontakt\/","title":{"rendered":"Kontakt"},"content":{"rendered":"<p>[et_pb_section fb_built=&#8220;1&#8243; admin_label=&#8220;Header&#8220; _builder_version=&#8220;4.24.2&#8243; use_background_color_gradient=&#8220;on&#8220; background_color_gradient_type=&#8220;circular&#8220; background_color_gradient_direction_radial=&#8220;top left&#8220; background_color_gradient_stops=&#8220;rgba(255,255,255,0.89) 30%|rgba(255,255,255,0) 80%&#8220; background_color_gradient_overlays_image=&#8220;on&#8220; background_color_gradient_start=&#8220;rgba(255,255,255,0.89)&#8220; background_color_gradient_start_position=&#8220;30%&#8220; background_color_gradient_end=&#8220;rgba(255,255,255,0)&#8220; background_color_gradient_end_position=&#8220;80%&#8220; background_image=&#8220;https:\/\/villa-anthyllion.de\/wp-content\/uploads\/2024\/03\/18_1646291478_Pansedes_06.jpg&#8220; custom_padding=&#8220;8vw|0px|0|0px|false|false&#8220; locked=&#8220;off&#8220; global_colors_info=&#8220;{}&#8220;][et_pb_row _builder_version=&#8220;4.16&#8243; global_colors_info=&#8220;{}&#8220;][et_pb_column type=&#8220;4_4&#8243; _builder_version=&#8220;4.16&#8243; custom_padding=&#8220;|||&#8220; global_colors_info=&#8220;{}&#8220; custom_padding__hover=&#8220;|||&#8220;][et_pb_text _builder_version=&#8220;4.24.2&#8243; text_font=&#8220;||||||||&#8220; header_font=&#8220;Raleway|700|||||||&#8220; header_font_size=&#8220;80px&#8220; header_line_height=&#8220;1.2em&#8220; header_5_font=&#8220;Raleway|700||on|||||&#8220; header_5_text_color=&#8220;#000000&#8243; header_5_font_size=&#8220;20px&#8220; header_5_letter_spacing=&#8220;0.5em&#8220; header_5_line_height=&#8220;1.8em&#8220; animation_style=&#8220;zoom&#8220; animation_intensity_zoom=&#8220;5%&#8220; header_font_size_tablet=&#8220;48px&#8220; header_font_size_phone=&#8220;32px&#8220; header_font_size_last_edited=&#8220;on|phone&#8220; header_5_font_size_tablet=&#8220;14px&#8220; header_5_font_size_phone=&#8220;12px&#8220; header_5_font_size_last_edited=&#8220;on|desktop&#8220; global_colors_info=&#8220;{}&#8220;]<\/p>\n<h1>Contact Us<\/h1>\n<p>[\/et_pb_text][\/et_pb_column][\/et_pb_row][et_pb_row column_structure=&#8220;1_3,1_3,1_3&#8243; use_custom_gutter=&#8220;on&#8220; make_equal=&#8220;on&#8220; custom_padding_last_edited=&#8220;on|desktop&#8220; _builder_version=&#8220;4.16&#8243; background_color=&#8220;#ffffff&#8220; width=&#8220;90%&#8220; max_width=&#8220;90%&#8220; module_alignment=&#8220;left&#8220; custom_margin=&#8220;8vw||||false&#8220; custom_padding=&#8220;0|0px|0px|15vw|false|false&#8220; custom_padding_tablet=&#8220;|||10vw&#8220; custom_padding_phone=&#8220;&#8220; animation_style=&#8220;slide&#8220; animation_direction=&#8220;left&#8220; animation_intensity_slide=&#8220;5%&#8220; use_custom_width=&#8220;on&#8220; width_unit=&#8220;off&#8220; custom_width_percent=&#8220;90%&#8220; locked=&#8220;off&#8220; global_colors_info=&#8220;{}&#8220;][et_pb_column type=&#8220;1_3&#8243; _builder_version=&#8220;4.16&#8243; custom_padding=&#8220;74px|||&#8220; custom_padding_tablet=&#8220;40px|||&#8220; custom_padding_phone=&#8220;20px|||&#8220; custom_padding_last_edited=&#8220;off|desktop&#8220; global_colors_info=&#8220;{}&#8220; padding_phone=&#8220;20px|||&#8220; padding_tablet=&#8220;40px|||&#8220; padding_last_edited=&#8220;off|desktop&#8220; custom_padding__hover=&#8220;|||&#8220;][et_pb_blurb title=&#8220;Lefokastro Pilion Griechenland&#8220; use_icon=&#8220;on&#8220; font_icon=&#8220;&#xe081;||divi||400&#8243; icon_color=&#8220;#c3cfd6&#8243; icon_placement=&#8220;left&#8220; image_icon_width=&#8220;24px&#8220; _builder_version=&#8220;4.24.2&#8243; header_level=&#8220;h5&#8243; header_font=&#8220;Raleway|700|||||||&#8220; header_line_height=&#8220;1.4em&#8220; icon_font_size=&#8220;24px&#8220; locked=&#8220;off&#8220; global_colors_info=&#8220;{}&#8220;][\/et_pb_blurb][\/et_pb_column][et_pb_column type=&#8220;1_3&#8243; _builder_version=&#8220;4.16&#8243; custom_padding=&#8220;74px|||&#8220; custom_padding_tablet=&#8220;40px|||&#8220; custom_padding_phone=&#8220;20px|||&#8220; custom_padding_last_edited=&#8220;off|desktop&#8220; global_colors_info=&#8220;{}&#8220; padding_phone=&#8220;20px|||&#8220; padding_tablet=&#8220;40px|||&#8220; padding_last_edited=&#8220;off|desktop&#8220; custom_padding__hover=&#8220;|||&#8220;][et_pb_blurb title=&#8220;+4917620999460&#8243; use_icon=&#8220;on&#8220; font_icon=&#8220;&#xe090;||divi||400&#8243; icon_color=&#8220;#c3cfd6&#8243; icon_placement=&#8220;left&#8220; image_icon_width=&#8220;24px&#8220; _builder_version=&#8220;4.24.2&#8243; header_level=&#8220;h5&#8243; header_font=&#8220;Raleway|700|||||||&#8220; header_line_height=&#8220;1.4em&#8220; icon_font_size=&#8220;24px&#8220; locked=&#8220;off&#8220; global_colors_info=&#8220;{}&#8220;][\/et_pb_blurb][\/et_pb_column][et_pb_column type=&#8220;1_3&#8243; _builder_version=&#8220;4.16&#8243; custom_padding=&#8220;74px|||&#8220; custom_padding_tablet=&#8220;40px|||&#8220; custom_padding_phone=&#8220;20px|||&#8220; custom_padding_last_edited=&#8220;off|desktop&#8220; global_colors_info=&#8220;{}&#8220; padding_phone=&#8220;20px|||&#8220; padding_tablet=&#8220;40px|||&#8220; padding_last_edited=&#8220;off|desktop&#8220; custom_padding__hover=&#8220;|||&#8220;][et_pb_blurb title=&#8220;info@villa-anthyllion.de&#8220; url=&#8220;http:\/\/info@villa-anthyllion.de&#8220; use_icon=&#8220;on&#8220; font_icon=&#8220;&#xe076;||divi||400&#8243; icon_color=&#8220;#c3cfd6&#8243; icon_placement=&#8220;left&#8220; image_icon_width=&#8220;24px&#8220; _builder_version=&#8220;4.24.2&#8243; header_level=&#8220;h5&#8243; header_font=&#8220;Raleway|700|||||||&#8220; header_line_height=&#8220;1.4em&#8220; icon_font_size=&#8220;24px&#8220; locked=&#8220;off&#8220; global_colors_info=&#8220;{}&#8220;][\/et_pb_blurb][\/et_pb_column][\/et_pb_row][\/et_pb_section][et_pb_section fb_built=&#8220;1&#8243; _builder_version=&#8220;4.24.2&#8243; _module_preset=&#8220;default&#8220; global_colors_info=&#8220;{}&#8220;][et_pb_row column_structure=&#8220;3_5,2_5&#8243; _builder_version=&#8220;4.24.2&#8243; _module_preset=&#8220;default&#8220; global_colors_info=&#8220;{}&#8220;][et_pb_column type=&#8220;3_5&#8243; _builder_version=&#8220;4.24.2&#8243; _module_preset=&#8220;default&#8220; global_colors_info=&#8220;{}&#8220;][et_pb_text _builder_version=&#8220;4.24.2&#8243; _module_preset=&#8220;default&#8220; hover_enabled=&#8220;0&#8243; global_colors_info=&#8220;{}&#8220; sticky_enabled=&#8220;0&#8243;]<\/p>\n<p style=\"text-align: justify;\">Sehr geehrte G\u00e4ste,<\/p>\n<p style=\"text-align: justify;\">wir hei\u00dfen Sie herzlich willkommen in der <strong>Anthyllion Villa<\/strong> in Lefokastro im <strong>Pilion<\/strong>. Unser Ziel ist es, Ihren Aufenthalt unvergesslich zu gestalten und Ihnen eine entspannte Zeit zu bieten. F\u00fcr Fragen, Buchungen oder weitere Informationen stehen wir Ihnen jederzeit gerne zur Verf\u00fcgung.<\/p>\n<p style=\"text-align: justify;\">Sie k\u00f6nnen uns per E-Mail unter <a href=\"mailto:info@villa-anthyllion.de\"><span id=\"et-info-email\">info@villa-anthyllion.de<\/span><\/a> oder telefonisch unter den folgenden Nummern erreichen:<\/p>\n<p style=\"text-align: justify;\"><a href=\"tel:+4917620999460\">Mobil: +49 176 20999460<\/a><br \/>\n<a href=\"tel:+306974435800\">Griechische Nummer: +30 697 4435800<\/a><\/p>\n<p style=\"text-align: justify;\">Wir sprechen Deutsch und sind bestrebt, Ihnen einen erstklassigen Service zu bieten. Ihr Ansprechpartner f\u00fcr Buchungen ist Jannis.<\/p>\n<p style=\"text-align: justify;\">Z\u00f6gern Sie nicht, uns zu kontaktieren \u2013 wir freuen uns darauf, von Ihnen zu h\u00f6ren und Ihnen bei der Planung Ihres Aufenthalts behilflich zu sein.<\/p>\n<p style=\"text-align: justify;\">Mit freundlichen Gr\u00fc\u00dfen,<\/p>\n<p style=\"text-align: justify;\"><strong>Anthyllion Villa in Lefokastro, Pilion, Griechenland<\/strong><\/p>\n<p>[\/et_pb_text][\/et_pb_column][et_pb_column type=&#8220;2_5&#8243; _builder_version=&#8220;4.24.2&#8243; _module_preset=&#8220;default&#8220; global_colors_info=&#8220;{}&#8220;][et_pb_image src=&#8220;https:\/\/villa-anthyllion.de\/wp-content\/uploads\/2024\/03\/logo_transparent02.gif&#8220; alt=&#8220;Anthyllion Villa Lefokastro Pilion&#8220; title_text=&#8220;Anthyllion Villa Lefokastro Pilion&#8220; _builder_version=&#8220;4.24.2&#8243; _module_preset=&#8220;default&#8220; global_colors_info=&#8220;{}&#8220;][\/et_pb_image][\/et_pb_column][\/et_pb_row][\/et_pb_section][et_pb_section fb_built=&#8220;1&#8243; admin_label=&#8220;Driving Directions&#8220; _builder_version=&#8220;4.16&#8243; global_colors_info=&#8220;{}&#8220;][et_pb_row column_structure=&#8220;1_2,1_2&#8243; _builder_version=&#8220;4.24.2&#8243; custom_margin=&#8220;||||false|false&#8220; custom_padding=&#8220;||||false|false&#8220; border_color_all=&#8220;#f5f5f5&#8243; border_width_top=&#8220;2px&#8220; locked=&#8220;off&#8220; global_colors_info=&#8220;{}&#8220;][et_pb_column type=&#8220;1_2&#8243; _builder_version=&#8220;4.16&#8243; custom_padding=&#8220;|||&#8220; global_colors_info=&#8220;{}&#8220; custom_padding__hover=&#8220;|||&#8220;][et_pb_blurb title=&#8220;Hausregeln&#8220; _builder_version=&#8220;4.24.2&#8243; header_level=&#8220;h5&#8243; header_font=&#8220;Raleway|700|||||||&#8220; header_font_size=&#8220;20px&#8220; header_line_height=&#8220;1.2em&#8220; body_font=&#8220;||||||||&#8220; body_line_height=&#8220;2em&#8220; custom_margin=&#8220;||10px|&#8220; global_colors_info=&#8220;{}&#8220;]<\/p>\n<p>damit Ihr Aufenthalt in unserer Villa in Lefokastro reibungslos verl\u00e4uft und f\u00fcr alle angenehm ist, m\u00f6chten wir Sie auf unsere Hausregeln aufmerksam machen:<\/p>\n<ul>\n<li>Check-in-Zeit: Ab 14:00 Uhr<\/li>\n<li>Check-out-Zeit: Bis 11:00 Uhr<\/li>\n<\/ul>\n<p>Wir bitten Sie, diese Zeiten einzuhalten, um einen reibungslosen Ablauf f\u00fcr unsere G\u00e4ste sicherzustellen.<\/p>\n<ul>\n<li>Haustiere sind nicht erlaubt.<\/li>\n<li>Das Rauchen ist in den Innenr\u00e4umen nicht gestattet.<\/li>\n<li>Partys und Veranstaltungen sind in unserer Villa nicht gestattet, um die Ruhe und Privatsph\u00e4re unserer G\u00e4ste zu wahren.<\/li>\n<\/ul>\n<p>Wir bitten um Ihr Verst\u00e4ndnis und Ihre Kooperation bei der Einhaltung dieser Regeln, damit alle G\u00e4ste einen angenehmen Aufenthalt genie\u00dfen k\u00f6nnen.<\/p>\n<p><a href=\"https:\/\/villa-anthyllion.de\/index.php\/hausregeln\/\" target=\"_blank\" rel=\"noopener\">Sehen Sie mehr hier&#8230;<\/a><\/p>\n<p>[\/et_pb_blurb][\/et_pb_column][et_pb_column type=&#8220;1_2&#8243; _builder_version=&#8220;4.16&#8243; custom_padding=&#8220;|||&#8220; global_colors_info=&#8220;{}&#8220; custom_padding__hover=&#8220;|||&#8220;][et_pb_blurb title=&#8220;Wegbeschreibung&#8220; _builder_version=&#8220;4.24.2&#8243; header_level=&#8220;h5&#8243; header_font=&#8220;Raleway|700|||||||&#8220; header_font_size=&#8220;20px&#8220; header_line_height=&#8220;1.2em&#8220; body_font=&#8220;||||||||&#8220; body_line_height=&#8220;2em&#8220; custom_margin=&#8220;||10px|&#8220; global_colors_info=&#8220;{}&#8220;]<\/p>\n<p>Sobald Ihre Buchung abgeschlossen ist, erhalten Sie von uns eine detaillierte Wegbeschreibung als PDF, um die Anthyllion Villa problemlos zu finden.\u00a0<\/p>\n<p>[\/et_pb_blurb][et_pb_blurb title=&#8220;M\u00f6chten Sie direkt bei uns buchen?&#8220; _builder_version=&#8220;4.24.2&#8243; header_level=&#8220;h5&#8243; header_font=&#8220;Raleway|700|||||||&#8220; header_font_size=&#8220;20px&#8220; header_line_height=&#8220;1.2em&#8220; body_font=&#8220;||||||||&#8220; body_line_height=&#8220;2em&#8220; custom_margin=&#8220;||10px|&#8220; global_colors_info=&#8220;{}&#8220;]<\/p>\n<p>Profitieren Sie von folgenden Vorteilen:<\/p>\n<p>Bestpreisgarantie<br \/>Flexible Buchungsbedingungen<br \/>Exklusive Angebote und Extras<\/p>\n<p>[\/et_pb_blurb][et_pb_button button_url=&#8220;https:\/\/www.traveldataservice.de\/booking2.php?propid=33472&#038;referer=Anthyllion.de&#038;lang=de&#8220; url_new_window=&#8220;on&#8220; button_text=&#8220;Buchen Sie online&#8220; button_alignment=&#8220;left&#8220; _builder_version=&#8220;4.24.2&#8243; _module_preset=&#8220;default&#8220; custom_button=&#8220;on&#8220; button_bg_color=&#8220;#909863&#8243; background_layout=&#8220;dark&#8220; global_colors_info=&#8220;{}&#8220;][\/et_pb_button][et_pb_blurb title=&#8220;M\u00f6chten Sie uns direkt kontaktieren?&#8220; _builder_version=&#8220;4.24.2&#8243; header_level=&#8220;h5&#8243; header_font=&#8220;Raleway|700|||||||&#8220; header_font_size=&#8220;20px&#8220; header_line_height=&#8220;1.2em&#8220; body_font=&#8220;||||||||&#8220; body_line_height=&#8220;2em&#8220; custom_margin=&#8220;||10px|&#8220; global_colors_info=&#8220;{}&#8220;]<\/p>\n<p>W\u00fcnsche oder Anregungen zu unseren Ferienwohnungen im Lefokastro oder zur Buchung? Gerne k\u00f6nnen Sie uns \u00fcber <a href=\"mailto:info@villa-anthyllion.de\"><span id=\"et-info-email\">info@villa-anthyllion.de<\/span><\/a> kontaktieren.<\/p>\n<p>Wir antworten innerhalb von 24 Stunden auf Ihre Anfrage.<\/p>\n<p>[\/et_pb_blurb][\/et_pb_column][\/et_pb_row][\/et_pb_section][et_pb_section fb_built=&#8220;1&#8243; admin_label=&#8220;Reservations&#8220; _builder_version=&#8220;4.24.2&#8243; use_background_color_gradient=&#8220;on&#8220; background_color_gradient_direction=&#8220;150deg&#8220; background_color_gradient_stops=&#8220;#2f3a44 25%|rgba(38,46,53,0) 100%&#8220; background_color_gradient_overlays_image=&#8220;on&#8220; background_color_gradient_start=&#8220;#2f3a44&#8243; background_color_gradient_start_position=&#8220;25%&#8220; background_color_gradient_end=&#8220;rgba(38,46,53,0)&#8220; background_image=&#8220;https:\/\/villa-anthyllion.de\/wp-content\/uploads\/2024\/03\/Anemoni_05.jpg&#8220; custom_padding=&#8220;8vw|0px|8vw|0px|true|false&#8220; global_colors_info=&#8220;{}&#8220;][\/et_pb_section]<\/p>\n","protected":false},"excerpt":{"rendered":"<p>Contact UsSehr geehrte G\u00e4ste, wir hei\u00dfen Sie herzlich willkommen in der Anthyllion Villa in Lefokastro im Pilion. Unser Ziel ist es, Ihren Aufenthalt unvergesslich zu gestalten und Ihnen eine entspannte Zeit zu bieten. F\u00fcr Fragen, Buchungen oder weitere Informationen stehen wir Ihnen jederzeit gerne zur Verf\u00fcgung. Sie k\u00f6nnen uns per E-Mail unter info@villa-anthyllion.de oder telefonisch [&hellip;]<\/p>\n","protected":false},"author":1,"featured_media":481,"parent":0,"menu_order":0,"comment_status":"closed","ping_status":"closed","template":"","meta":{"_et_pb_use_builder":"on","_et_pb_old_content":"","_et_gb_content_width":"","footnotes":""},"dipi_cpt_category":[],"class_list":["post-488","page","type-page","status-publish","has-post-thumbnail","hentry"],"_links":{"self":[{"href":"https:\/\/villa-anthyllion.de\/index.php\/wp-json\/wp\/v2\/pages\/488","targetHints":{"allow":["GET"]}}],"collection":[{"href":"https:\/\/villa-anthyllion.de\/index.php\/wp-json\/wp\/v2\/pages"}],"about":[{"href":"https:\/\/villa-anthyllion.de\/index.php\/wp-json\/wp\/v2\/types\/page"}],"author":[{"embeddable":true,"href":"https:\/\/villa-anthyllion.de\/index.php\/wp-json\/wp\/v2\/users\/1"}],"replies":[{"embeddable":true,"href":"https:\/\/villa-anthyllion.de\/index.php\/wp-json\/wp\/v2\/comments?post=488"}],"version-history":[{"count":25,"href":"https:\/\/villa-anthyllion.de\/index.php\/wp-json\/wp\/v2\/pages\/488\/revisions"}],"predecessor-version":[{"id":720,"href":"https:\/\/villa-anthyllion.de\/index.php\/wp-json\/wp\/v2\/pages\/488\/revisions\/720"}],"wp:featuredmedia":[{"embeddable":true,"href":"https:\/\/villa-anthyllion.de\/index.php\/wp-json\/wp\/v2\/media\/481"}],"wp:attachment":[{"href":"https:\/\/villa-anthyllion.de\/index.php\/wp-json\/wp\/v2\/media?parent=488"}],"wp:term":[{"taxonomy":"dipi_cpt_category","embeddable":true,"href":"https:\/\/villa-anthyllion.de\/index.php\/wp-json\/wp\/v2\/dipi_cpt_category?post=488"}],"curies":[{"name":"wp","href":"https:\/\/api.w.org\/{rel}","templated":true}]}}