{"id":711,"date":"2024-03-31T13:12:18","date_gmt":"2024-03-31T13:12:18","guid":{"rendered":"https:\/\/villa-anthyllion.de\/?page_id=711"},"modified":"2024-03-31T13:28:45","modified_gmt":"2024-03-31T13:28:45","slug":"hausregeln","status":"publish","type":"page","link":"https:\/\/villa-anthyllion.de\/index.php\/hausregeln\/","title":{"rendered":"Hausregeln"},"content":{"rendered":"<p>Damit Ihr Aufenthalt in unserer Villa in Lefokastro reibungslos verl\u00e4uft und f\u00fcr alle angenehm ist, m\u00f6chten wir Sie auf unsere Hausregeln aufmerksam machen:<\/p>\n<ol>\n<li><strong>Check-in-Zeit:<\/strong> Ab 14:00 Uhr<\/li>\n<li><strong>Check-out-Zeit:<\/strong> Bis 11:00 Uhr Wir bitten Sie, diese Zeiten einzuhalten, um einen reibungslosen Ablauf f\u00fcr unsere G\u00e4ste sicherzustellen.<\/li>\n<li><strong>Haustiere sind nicht erlaubt.<\/strong><\/li>\n<li><strong>Das Rauchen ist in den Innenr\u00e4umen nicht gestattet.<\/strong><\/li>\n<li><strong>Partys und Veranstaltungen sind in unserer Villa nicht gestattet,<\/strong> um die Ruhe und Privatsph\u00e4re unserer G\u00e4ste zu wahren.<\/li>\n<\/ol>\n<hr \/>\n<p><strong>Sch\u00e4den:<\/strong><\/p>\n<p>Sch\u00e4den, die w\u00e4hrend des Aufenthalts auftreten, m\u00fcssen sofort schriftlich dem Vermieter oder dem \u00f6rtlichen Service gemeldet werden; eine E-Mail ist ausreichend. Der Mieter ist f\u00fcr alle von ihm verursachten Sch\u00e4den in H\u00f6he der Ersatz- \/ Reparaturkosten verantwortlich. Der Mieter hat die gemietete Unterkunft und die Einrichtungsgegenst\u00e4nde sorgsam zu behandeln. Jeder Schaden muss dem Vermieter sofort gemeldet werden. Der Mieter haftet f\u00fcr alle von ihm verursachten Sch\u00e4den, Personen, die mit ihm gereist sind oder von ihm aufgenommene G\u00e4ste sowie Haustiere, denen er Zugang zur gemieteten Unterkunft gew\u00e4hrt, unabh\u00e4ngig von einem Verschulden des Mieters.<\/p>\n<hr \/>\n<p><strong>Mitreisende:<\/strong><\/p>\n<p>Der Mieter darf die Unterkunft nur mit so vielen Personen nutzen, wie gebucht wurden. Die Aufnahme zus\u00e4tzlicher Personen, die nicht gebucht wurden, ist ohne vorherige Zustimmung des Vermieters nicht gestattet. Der Vermieter beh\u00e4lt sich das Recht vor, im Falle eines Versto\u00dfes von seinem au\u00dferordentlichen K\u00fcndigungsrecht Gebrauch zu machen. Die Nutzung der Unterkunft ist auf den gebuchten Zeitraum f\u00fcr Urlaubszwecke beschr\u00e4nkt.<\/p>\n<p>Wir bitten um Ihr Verst\u00e4ndnis und Ihre Kooperation bei der Einhaltung dieser Regeln, damit alle G\u00e4ste einen angenehmen Aufenthalt genie\u00dfen k\u00f6nnen.<\/p>\n<p>Vielen Dank f\u00fcr Ihre Aufmerksamkeit und Mitarbeit.<\/p>\n","protected":false},"excerpt":{"rendered":"<p>Damit Ihr Aufenthalt in unserer Villa in Lefokastro reibungslos verl\u00e4uft und f\u00fcr alle angenehm ist, m\u00f6chten wir Sie auf unsere Hausregeln aufmerksam machen: Check-in-Zeit: Ab 14:00 Uhr Check-out-Zeit: Bis 11:00 Uhr Wir bitten Sie, diese Zeiten einzuhalten, um einen reibungslosen Ablauf f\u00fcr unsere G\u00e4ste sicherzustellen. Haustiere sind nicht erlaubt. Das Rauchen ist in den Innenr\u00e4umen [&hellip;]<\/p>\n","protected":false},"author":1,"featured_media":0,"parent":0,"menu_order":0,"comment_status":"closed","ping_status":"closed","template":"","meta":{"_et_pb_use_builder":"","_et_pb_old_content":"","_et_gb_content_width":"","footnotes":""},"dipi_cpt_category":[],"class_list":["post-711","page","type-page","status-publish","hentry"],"_links":{"self":[{"href":"https:\/\/villa-anthyllion.de\/index.php\/wp-json\/wp\/v2\/pages\/711","targetHints":{"allow":["GET"]}}],"collection":[{"href":"https:\/\/villa-anthyllion.de\/index.php\/wp-json\/wp\/v2\/pages"}],"about":[{"href":"https:\/\/villa-anthyllion.de\/index.php\/wp-json\/wp\/v2\/types\/page"}],"author":[{"embeddable":true,"href":"https:\/\/villa-anthyllion.de\/index.php\/wp-json\/wp\/v2\/users\/1"}],"replies":[{"embeddable":true,"href":"https:\/\/villa-anthyllion.de\/index.php\/wp-json\/wp\/v2\/comments?post=711"}],"version-history":[{"count":4,"href":"https:\/\/villa-anthyllion.de\/index.php\/wp-json\/wp\/v2\/pages\/711\/revisions"}],"predecessor-version":[{"id":718,"href":"https:\/\/villa-anthyllion.de\/index.php\/wp-json\/wp\/v2\/pages\/711\/revisions\/718"}],"wp:attachment":[{"href":"https:\/\/villa-anthyllion.de\/index.php\/wp-json\/wp\/v2\/media?parent=711"}],"wp:term":[{"taxonomy":"dipi_cpt_category","embeddable":true,"href":"https:\/\/villa-anthyllion.de\/index.php\/wp-json\/wp\/v2\/dipi_cpt_category?post=711"}],"curies":[{"name":"wp","href":"https:\/\/api.w.org\/{rel}","templated":true}]}}